{"id":7824,"date":"2025-11-21T22:41:50","date_gmt":"2025-11-21T22:41:50","guid":{"rendered":"https:\/\/wdweddingsnew.wpenginepowered.com\/planificadores-expertos-bilingues\/"},"modified":"2026-03-31T14:28:51","modified_gmt":"2026-03-31T14:28:51","slug":"planificadores-expertos-bilingues","status":"publish","type":"page","link":"https:\/\/wdweddings.com\/es\/planificadores-expertos-bilingues\/","title":{"rendered":"Planificadores expertos biling\u00fces"},"content":{"rendered":"\t\t<div data-elementor-type=\"wp-page\" data-elementor-id=\"7824\" class=\"elementor elementor-7824 elementor-5981\" data-elementor-post-type=\"page\">\n\t\t\t\t\t\t<section class=\"elementor-section elementor-top-section elementor-element elementor-element-89ecd8c elementor-section-boxed elementor-section-height-default elementor-section-height-default\" data-id=\"89ecd8c\" data-element_type=\"section\" data-e-type=\"section\" data-settings=\"{&quot;background_background&quot;:&quot;classic&quot;}\">\n\t\t\t\t\t\t\t<div class=\"elementor-background-overlay\"><\/div>\n\t\t\t\t\t\t\t<div class=\"elementor-container elementor-column-gap-default\">\n\t\t\t\t\t<div class=\"elementor-column elementor-col-100 elementor-top-column elementor-element elementor-element-bc4de90\" data-id=\"bc4de90\" data-element_type=\"column\" data-e-type=\"column\">\n\t\t\t<div class=\"elementor-widget-wrap elementor-element-populated\">\n\t\t\t\t\t\t<div class=\"elementor-element elementor-element-f5fa1d8 elementor-widget__width-inherit elementor-widget elementor-widget-heading\" data-id=\"f5fa1d8\" data-element_type=\"widget\" data-e-type=\"widget\" data-widget_type=\"heading.default\">\n\t\t\t\t<div class=\"elementor-widget-container\">\n\t\t\t\t\t<h5 class=\"elementor-heading-title elementor-size-default\">VIAJES DE VARIOS D\u00cdAS PARA CELEBRAR UNA BODA<\/h5>\t\t\t\t<\/div>\n\t\t\t\t<\/div>\n\t\t\t\t<div class=\"elementor-element elementor-element-8e3fbfc elementor-invisible elementor-widget elementor-widget-heading\" data-id=\"8e3fbfc\" data-element_type=\"widget\" data-e-type=\"widget\" data-settings=\"{&quot;_animation&quot;:&quot;fadeIn&quot;}\" data-widget_type=\"heading.default\">\n\t\t\t\t<div class=\"elementor-widget-container\">\n\t\t\t\t\t<h1 class=\"elementor-heading-title elementor-size-default\">Planificadores expertos biling\u00fces<\/h1>\t\t\t\t<\/div>\n\t\t\t\t<\/div>\n\t\t\t\t<div class=\"elementor-element elementor-element-a75c1df elementor-widget elementor-widget-text-editor\" data-id=\"a75c1df\" data-element_type=\"widget\" data-e-type=\"widget\" data-widget_type=\"text-editor.default\">\n\t\t\t\t<div class=\"elementor-widget-container\">\n\t\t\t\t\t\t\t\t\t<p>Creamos experiencias inolvidables para usted y sus invitados.<\/p>\t\t\t\t\t\t\t\t<\/div>\n\t\t\t\t<\/div>\n\t\t\t\t<div class=\"elementor-element elementor-element-1e050c1 elementor-arrows-position-inside elementor-pagination-position-outside elementor-widget elementor-widget-image-carousel\" data-id=\"1e050c1\" data-element_type=\"widget\" data-e-type=\"widget\" data-settings=\"{&quot;slides_to_show&quot;:&quot;1&quot;,&quot;autoplay_speed&quot;:3500,&quot;navigation&quot;:&quot;both&quot;,&quot;autoplay&quot;:&quot;yes&quot;,&quot;pause_on_hover&quot;:&quot;yes&quot;,&quot;pause_on_interaction&quot;:&quot;yes&quot;,&quot;infinite&quot;:&quot;yes&quot;,&quot;effect&quot;:&quot;slide&quot;,&quot;speed&quot;:500}\" data-widget_type=\"image-carousel.default\">\n\t\t\t\t<div class=\"elementor-widget-container\">\n\t\t\t\t\t\t\t<div class=\"elementor-image-carousel-wrapper swiper\" role=\"region\" aria-roledescription=\"carousel\" aria-label=\"Carrusel de Im\u00e1genes\" dir=\"ltr\">\n\t\t\t<div class=\"elementor-image-carousel swiper-wrapper\" aria-live=\"off\">\n\t\t\t\t\t\t\t\t<div class=\"swiper-slide\" role=\"group\" aria-roledescription=\"slide\" aria-label=\"1 de 3\"><figure class=\"swiper-slide-inner\"><img decoding=\"async\" class=\"swiper-slide-image\" src=\"https:\/\/wdweddings.com\/wp-content\/uploads\/elementor\/thumbs\/Wedding-Planner-WDW-rcth79pngqr6grazzex2zxqoltdjfewwe1ibs5ist4.jpeg\" alt=\"Organizadora de bodas en WDW\" \/><\/figure><\/div><div class=\"swiper-slide\" role=\"group\" aria-roledescription=\"slide\" aria-label=\"2 de 3\"><figure class=\"swiper-slide-inner\"><img decoding=\"async\" class=\"swiper-slide-image\" src=\"https:\/\/wdweddings.com\/wp-content\/uploads\/elementor\/thumbs\/Wedding-Planner-Hacienda-rcth75yapem16bggldakpyou89w2kmhz1iwdv1odi0.png\" alt=\"Planificador de bodas Hacienda\" \/><\/figure><\/div><div class=\"swiper-slide\" role=\"group\" aria-roledescription=\"slide\" aria-label=\"3 de 3\"><figure class=\"swiper-slide-inner\"><img decoding=\"async\" class=\"swiper-slide-image\" src=\"https:\/\/wdweddings.com\/wp-content\/uploads\/elementor\/thumbs\/Wedding-Planner-rcth7anhnksgsd9mtxbpkfi5778wn40mq65t9fhemw.png\" alt=\"Organizador de bodas\" \/><\/figure><\/div>\t\t\t<\/div>\n\t\t\t\t\t\t\t\t\t\t\t\t<div class=\"elementor-swiper-button elementor-swiper-button-prev\" role=\"button\" tabindex=\"0\">\n\t\t\t\t\t\t<svg aria-hidden=\"true\" class=\"e-font-icon-svg e-eicon-chevron-left\" viewBox=\"0 0 1000 1000\" xmlns=\"http:\/\/www.w3.org\/2000\/svg\"><path d=\"M646 125C629 125 613 133 604 142L308 442C296 454 292 471 292 487 292 504 296 521 308 533L604 854C617 867 629 875 646 875 663 875 679 871 692 858 704 846 713 829 713 812 713 796 708 779 692 767L438 487 692 225C700 217 708 204 708 187 708 171 704 154 692 142 675 129 663 125 646 125Z\"><\/path><\/svg>\t\t\t\t\t<\/div>\n\t\t\t\t\t<div class=\"elementor-swiper-button elementor-swiper-button-next\" role=\"button\" tabindex=\"0\">\n\t\t\t\t\t\t<svg aria-hidden=\"true\" class=\"e-font-icon-svg e-eicon-chevron-right\" viewBox=\"0 0 1000 1000\" xmlns=\"http:\/\/www.w3.org\/2000\/svg\"><path d=\"M696 533C708 521 713 504 713 487 713 471 708 454 696 446L400 146C388 133 375 125 354 125 338 125 325 129 313 142 300 154 292 171 292 187 292 204 296 221 308 233L563 492 304 771C292 783 288 800 288 817 288 833 296 850 308 863 321 871 338 875 354 875 371 875 388 867 400 854L696 533Z\"><\/path><\/svg>\t\t\t\t\t<\/div>\n\t\t\t\t\n\t\t\t\t\t\t\t\t\t<div class=\"swiper-pagination\"><\/div>\n\t\t\t\t\t\t\t\t\t<\/div>\n\t\t\t\t\t\t<\/div>\n\t\t\t\t<\/div>\n\t\t\t\t\t<\/div>\n\t\t<\/div>\n\t\t\t\t\t<\/div>\n\t\t<\/section>\n\t\t\t\t<section class=\"elementor-section elementor-top-section elementor-element elementor-element-df388b6 elementor-section-boxed elementor-section-height-default elementor-section-height-default\" data-id=\"df388b6\" data-element_type=\"section\" data-e-type=\"section\">\n\t\t\t\t\t\t<div class=\"elementor-container elementor-column-gap-wider\">\n\t\t\t\t\t<div class=\"elementor-column elementor-col-100 elementor-top-column elementor-element elementor-element-4163221\" data-id=\"4163221\" data-element_type=\"column\" data-e-type=\"column\">\n\t\t\t<div class=\"elementor-widget-wrap elementor-element-populated\">\n\t\t\t\t\t\t<div class=\"elementor-element elementor-element-31f72f1 elementor-widget elementor-widget-text-editor\" data-id=\"31f72f1\" data-element_type=\"widget\" data-e-type=\"widget\" data-widget_type=\"text-editor.default\">\n\t\t\t\t<div class=\"elementor-widget-container\">\n\t\t\t\t\t\t\t\t\t<p data-start=\"8089\" data-end=\"8208\">Contamos con un equipo profesional biling\u00fce que habla tu idioma y comprende tu visi\u00f3n. Nos encargamos de cada detalle para que tu celebraci\u00f3n sea perfecta, mientras t\u00fa y tu pareja disfrutan al m\u00e1ximo del momento con amigos y familiares. <\/p>\t\t\t\t\t\t\t\t<\/div>\n\t\t\t\t<\/div>\n\t\t\t\t<div class=\"elementor-element elementor-element-cdcf2b1 elementor-widget elementor-widget-text-editor\" data-id=\"cdcf2b1\" data-element_type=\"widget\" data-e-type=\"widget\" data-widget_type=\"text-editor.default\">\n\t\t\t\t<div class=\"elementor-widget-container\">\n\t\t\t\t\t\t\t\t\t<ul data-start=\"1036\" data-end=\"1414\"><li data-start=\"636\" data-end=\"713\"><p data-start=\"638\" data-end=\"713\">Comunicaci\u00f3n clara con usted y con los proveedores locales.<\/p><\/li><li data-start=\"636\" data-end=\"713\"><p data-start=\"638\" data-end=\"713\">Asistencia personalizada v\u00eda WhatsApp y reuniones virtuales para brindarle confianza y tranquilidad en cada etapa del proceso.<\/p><\/li><li data-start=\"636\" data-end=\"713\"><p data-start=\"638\" data-end=\"713\">Te guiamos en las decisiones clave sobre lugares, experiencias y proveedores.<\/p><\/li><li data-start=\"636\" data-end=\"713\"><p data-start=\"638\" data-end=\"713\">Anticipamos y resolvemos cualquier desaf\u00edo log\u00edstico o cultural.<\/p><\/li><\/ul>\t\t\t\t\t\t\t\t<\/div>\n\t\t\t\t<\/div>\n\t\t\t\t\t<\/div>\n\t\t<\/div>\n\t\t\t\t\t<\/div>\n\t\t<\/section>\n\t\t\t\t<section class=\"elementor-section elementor-top-section elementor-element elementor-element-c3fba2f elementor-section-boxed elementor-section-height-default elementor-section-height-default\" data-id=\"c3fba2f\" data-element_type=\"section\" data-e-type=\"section\">\n\t\t\t\t\t\t<div class=\"elementor-container elementor-column-gap-default\">\n\t\t\t\t\t<div class=\"elementor-column elementor-col-100 elementor-top-column elementor-element elementor-element-726da80\" data-id=\"726da80\" data-element_type=\"column\" data-e-type=\"column\">\n\t\t\t<div class=\"elementor-widget-wrap elementor-element-populated\">\n\t\t\t\t\t\t<div class=\"elementor-element elementor-element-6e9937b elementor-widget elementor-widget-html\" data-id=\"6e9937b\" data-element_type=\"widget\" data-e-type=\"widget\" data-widget_type=\"html.default\">\n\t\t\t\t<div class=\"elementor-widget-container\">\n\t\t\t\t\t<script>document.addEventListener('DOMContentLoaded', function() {\r\n  const strip = document.querySelector('.trip-strip');\r\n  if (!strip) return;\r\n\r\n  const items = Array.from(document.querySelectorAll('.trip-strip .trip-item'));\r\n  const prev  = document.querySelector('.trip-strip .icon-left-arrow');\r\n  const next  = document.querySelector('.trip-strip .icon-right-arrow');\r\n\r\n  \/\/ 1) Initialise: make Day 1 active\r\n  items.forEach(i => i.classList.remove('is-active'));\r\n  if (items[0]) items[0].classList.add('is-active');\r\n\r\n  \/\/ 2) Activation helper\r\n  function activate(idx) {\r\n    items.forEach((it, i) => {\r\n      it.classList.toggle('is-active', i === idx);\r\n    });\r\n    \/\/ scrollIntoView with center alignment; CSS scroll-margin-top handles sticky offset\r\n    items[idx].scrollIntoView({ behavior: 'smooth', inline: 'center' });\r\n  }\r\n\r\n  \/\/ 3) Click on any card\r\n  items.forEach((item, idx) => {\r\n    item.addEventListener('click', () => activate(idx));\r\n  });\r\n\r\n  \/\/ 4) Arrow navigation\r\n  if (prev) {\r\n    prev.addEventListener('click', () => {\r\n      const cur = items.findIndex(i => i.classList.contains('is-active'));\r\n      if (cur > 0) activate(cur - 1);\r\n    });\r\n  }\r\n  if (next) {\r\n    next.addEventListener('click', () => {\r\n      const cur = items.findIndex(i => i.classList.contains('is-active'));\r\n      if (cur < items.length - 1) activate(cur + 1);\r\n    });\r\n  }\r\n});\r\n<\/script>\t\t\t\t<\/div>\n\t\t\t\t<\/div>\n\t\t\t\t\t<\/div>\n\t\t<\/div>\n\t\t\t\t\t<\/div>\n\t\t<\/section>\n\t\t\t\t<\/div>\n\t\t","protected":false},"excerpt":{"rendered":"<p>VIAJES DE VARIOS D\u00cdAS PARA CELEBRAR UNA BODA Planificadores expertos biling\u00fces Creamos experiencias inolvidables para usted y sus invitados. Contamos con un equipo profesional biling\u00fce que habla tu idioma y comprende tu visi\u00f3n. Nos encargamos de cada detalle para que tu celebraci\u00f3n sea perfecta, mientras t\u00fa y tu pareja disfrutan al m\u00e1ximo del momento con [&hellip;]<\/p>\n","protected":false},"author":2,"featured_media":0,"parent":0,"menu_order":0,"comment_status":"closed","ping_status":"closed","template":"","meta":{"footnotes":""},"class_list":["post-7824","page","type-page","status-publish","hentry"],"acf":[],"yoast_head":"<!-- This site is optimized with the Yoast SEO plugin v25.9 - https:\/\/yoast.com\/wordpress\/plugins\/seo\/ -->\n<title>Planificadores expertos biling\u00fces - Well Done Weddings<\/title>\n<meta name=\"robots\" content=\"index, follow, max-snippet:-1, max-image-preview:large, max-video-preview:-1\" \/>\n<link rel=\"canonical\" href=\"https:\/\/wdweddings.com\/es\/planificadores-expertos-bilingues\/\" \/>\n<meta property=\"og:locale\" content=\"es_MX\" \/>\n<meta property=\"og:type\" content=\"article\" \/>\n<meta property=\"og:title\" content=\"Planificadores expertos biling\u00fces - Well Done Weddings\" \/>\n<meta property=\"og:description\" content=\"VIAJES DE VARIOS D\u00cdAS PARA CELEBRAR UNA BODA Planificadores expertos biling\u00fces Creamos experiencias inolvidables para usted y sus invitados. Contamos con un equipo profesional biling\u00fce que habla tu idioma y comprende tu visi\u00f3n. Nos encargamos de cada detalle para que tu celebraci\u00f3n sea perfecta, mientras t\u00fa y tu pareja disfrutan al m\u00e1ximo del momento con [&hellip;]\" \/>\n<meta property=\"og:url\" content=\"https:\/\/wdweddings.com\/es\/planificadores-expertos-bilingues\/\" \/>\n<meta property=\"og:site_name\" content=\"Well Done Weddings\" \/>\n<meta property=\"article:publisher\" content=\"https:\/\/www.facebook.com\/TheWellDoneWeddings\/\" \/>\n<meta property=\"article:modified_time\" content=\"2026-03-31T14:28:51+00:00\" \/>\n<meta property=\"og:image\" content=\"https:\/\/wdweddings.com\/wp-content\/uploads\/elementor\/thumbs\/Wedding-Planner-WDW-rkglhdna5yg878kgew15xqznpvjzp80g113rdz6ul4.jpeg\" \/>\n<meta name=\"twitter:card\" content=\"summary_large_image\" \/>\n<meta name=\"twitter:label1\" content=\"Tiempo de lectura\" \/>\n\t<meta name=\"twitter:data1\" content=\"1 minuto\" \/>\n<script type=\"application\/ld+json\" class=\"yoast-schema-graph\">{\"@context\":\"https:\/\/schema.org\",\"@graph\":[{\"@type\":\"WebPage\",\"@id\":\"https:\/\/wdweddings.com\/es\/planificadores-expertos-bilingues\/\",\"url\":\"https:\/\/wdweddings.com\/es\/planificadores-expertos-bilingues\/\",\"name\":\"Planificadores expertos biling\u00fces - Well Done Weddings\",\"isPartOf\":{\"@id\":\"https:\/\/wdweddings.com\/#website\"},\"primaryImageOfPage\":{\"@id\":\"https:\/\/wdweddings.com\/es\/planificadores-expertos-bilingues\/#primaryimage\"},\"image\":{\"@id\":\"https:\/\/wdweddings.com\/es\/planificadores-expertos-bilingues\/#primaryimage\"},\"thumbnailUrl\":\"https:\/\/wdweddings.com\/wp-content\/uploads\/elementor\/thumbs\/Wedding-Planner-WDW-rkglhdna5yg878kgew15xqznpvjzp80g113rdz6ul4.jpeg\",\"datePublished\":\"2025-11-21T22:41:50+00:00\",\"dateModified\":\"2026-03-31T14:28:51+00:00\",\"breadcrumb\":{\"@id\":\"https:\/\/wdweddings.com\/es\/planificadores-expertos-bilingues\/#breadcrumb\"},\"inLanguage\":\"es\",\"potentialAction\":[{\"@type\":\"ReadAction\",\"target\":[\"https:\/\/wdweddings.com\/es\/planificadores-expertos-bilingues\/\"]}]},{\"@type\":\"ImageObject\",\"inLanguage\":\"es\",\"@id\":\"https:\/\/wdweddings.com\/es\/planificadores-expertos-bilingues\/#primaryimage\",\"url\":\"https:\/\/wdweddings.com\/wp-content\/uploads\/elementor\/thumbs\/Wedding-Planner-WDW-rkglhdna5yg878kgew15xqznpvjzp80g113rdz6ul4.jpeg\",\"contentUrl\":\"https:\/\/wdweddings.com\/wp-content\/uploads\/elementor\/thumbs\/Wedding-Planner-WDW-rkglhdna5yg878kgew15xqznpvjzp80g113rdz6ul4.jpeg\"},{\"@type\":\"BreadcrumbList\",\"@id\":\"https:\/\/wdweddings.com\/es\/planificadores-expertos-bilingues\/#breadcrumb\",\"itemListElement\":[{\"@type\":\"ListItem\",\"position\":1,\"name\":\"Home\",\"item\":\"https:\/\/wdweddings.com\/es\/\"},{\"@type\":\"ListItem\",\"position\":2,\"name\":\"Planificadores expertos biling\u00fces\"}]},{\"@type\":\"WebSite\",\"@id\":\"https:\/\/wdweddings.com\/#website\",\"url\":\"https:\/\/wdweddings.com\/\",\"name\":\"Well Done Weddings\",\"description\":\"Destination Weddings in Cancun\",\"publisher\":{\"@id\":\"https:\/\/wdweddings.com\/#organization\"},\"potentialAction\":[{\"@type\":\"SearchAction\",\"target\":{\"@type\":\"EntryPoint\",\"urlTemplate\":\"https:\/\/wdweddings.com\/?s={search_term_string}\"},\"query-input\":{\"@type\":\"PropertyValueSpecification\",\"valueRequired\":true,\"valueName\":\"search_term_string\"}}],\"inLanguage\":\"es\"},{\"@type\":\"Organization\",\"@id\":\"https:\/\/wdweddings.com\/#organization\",\"name\":\"Well Done Weddings\",\"url\":\"https:\/\/wdweddings.com\/\",\"logo\":{\"@type\":\"ImageObject\",\"inLanguage\":\"es\",\"@id\":\"https:\/\/wdweddings.com\/#\/schema\/logo\/image\/\",\"url\":\"https:\/\/wdweddings.com\/wp-content\/uploads\/2024\/12\/Logo-The-WDW.png\",\"contentUrl\":\"https:\/\/wdweddings.com\/wp-content\/uploads\/2024\/12\/Logo-The-WDW.png\",\"width\":654,\"height\":272,\"caption\":\"Well Done Weddings\"},\"image\":{\"@id\":\"https:\/\/wdweddings.com\/#\/schema\/logo\/image\/\"},\"sameAs\":[\"https:\/\/www.facebook.com\/TheWellDoneWeddings\/\",\"https:\/\/www.instagram.com\/thewelldoneweddings\/\",\"https:\/\/www.tiktok.com\/@thewelldoneweddings\"]}]}<\/script>\n<!-- \/ Yoast SEO plugin. -->","yoast_head_json":{"title":"Planificadores expertos biling\u00fces - Well Done Weddings","robots":{"index":"index","follow":"follow","max-snippet":"max-snippet:-1","max-image-preview":"max-image-preview:large","max-video-preview":"max-video-preview:-1"},"canonical":"https:\/\/wdweddings.com\/es\/planificadores-expertos-bilingues\/","og_locale":"es_MX","og_type":"article","og_title":"Planificadores expertos biling\u00fces - Well Done Weddings","og_description":"VIAJES DE VARIOS D\u00cdAS PARA CELEBRAR UNA BODA Planificadores expertos biling\u00fces Creamos experiencias inolvidables para usted y sus invitados. Contamos con un equipo profesional biling\u00fce que habla tu idioma y comprende tu visi\u00f3n. Nos encargamos de cada detalle para que tu celebraci\u00f3n sea perfecta, mientras t\u00fa y tu pareja disfrutan al m\u00e1ximo del momento con [&hellip;]","og_url":"https:\/\/wdweddings.com\/es\/planificadores-expertos-bilingues\/","og_site_name":"Well Done Weddings","article_publisher":"https:\/\/www.facebook.com\/TheWellDoneWeddings\/","article_modified_time":"2026-03-31T14:28:51+00:00","og_image":[{"url":"https:\/\/wdweddings.com\/wp-content\/uploads\/elementor\/thumbs\/Wedding-Planner-WDW-rkglhdna5yg878kgew15xqznpvjzp80g113rdz6ul4.jpeg","type":"","width":"","height":""}],"twitter_card":"summary_large_image","twitter_misc":{"Tiempo de lectura":"1 minuto"},"schema":{"@context":"https:\/\/schema.org","@graph":[{"@type":"WebPage","@id":"https:\/\/wdweddings.com\/es\/planificadores-expertos-bilingues\/","url":"https:\/\/wdweddings.com\/es\/planificadores-expertos-bilingues\/","name":"Planificadores expertos biling\u00fces - Well Done Weddings","isPartOf":{"@id":"https:\/\/wdweddings.com\/#website"},"primaryImageOfPage":{"@id":"https:\/\/wdweddings.com\/es\/planificadores-expertos-bilingues\/#primaryimage"},"image":{"@id":"https:\/\/wdweddings.com\/es\/planificadores-expertos-bilingues\/#primaryimage"},"thumbnailUrl":"https:\/\/wdweddings.com\/wp-content\/uploads\/elementor\/thumbs\/Wedding-Planner-WDW-rkglhdna5yg878kgew15xqznpvjzp80g113rdz6ul4.jpeg","datePublished":"2025-11-21T22:41:50+00:00","dateModified":"2026-03-31T14:28:51+00:00","breadcrumb":{"@id":"https:\/\/wdweddings.com\/es\/planificadores-expertos-bilingues\/#breadcrumb"},"inLanguage":"es","potentialAction":[{"@type":"ReadAction","target":["https:\/\/wdweddings.com\/es\/planificadores-expertos-bilingues\/"]}]},{"@type":"ImageObject","inLanguage":"es","@id":"https:\/\/wdweddings.com\/es\/planificadores-expertos-bilingues\/#primaryimage","url":"https:\/\/wdweddings.com\/wp-content\/uploads\/elementor\/thumbs\/Wedding-Planner-WDW-rkglhdna5yg878kgew15xqznpvjzp80g113rdz6ul4.jpeg","contentUrl":"https:\/\/wdweddings.com\/wp-content\/uploads\/elementor\/thumbs\/Wedding-Planner-WDW-rkglhdna5yg878kgew15xqznpvjzp80g113rdz6ul4.jpeg"},{"@type":"BreadcrumbList","@id":"https:\/\/wdweddings.com\/es\/planificadores-expertos-bilingues\/#breadcrumb","itemListElement":[{"@type":"ListItem","position":1,"name":"Home","item":"https:\/\/wdweddings.com\/es\/"},{"@type":"ListItem","position":2,"name":"Planificadores expertos biling\u00fces"}]},{"@type":"WebSite","@id":"https:\/\/wdweddings.com\/#website","url":"https:\/\/wdweddings.com\/","name":"Well Done Weddings","description":"Destination Weddings in Cancun","publisher":{"@id":"https:\/\/wdweddings.com\/#organization"},"potentialAction":[{"@type":"SearchAction","target":{"@type":"EntryPoint","urlTemplate":"https:\/\/wdweddings.com\/?s={search_term_string}"},"query-input":{"@type":"PropertyValueSpecification","valueRequired":true,"valueName":"search_term_string"}}],"inLanguage":"es"},{"@type":"Organization","@id":"https:\/\/wdweddings.com\/#organization","name":"Well Done Weddings","url":"https:\/\/wdweddings.com\/","logo":{"@type":"ImageObject","inLanguage":"es","@id":"https:\/\/wdweddings.com\/#\/schema\/logo\/image\/","url":"https:\/\/wdweddings.com\/wp-content\/uploads\/2024\/12\/Logo-The-WDW.png","contentUrl":"https:\/\/wdweddings.com\/wp-content\/uploads\/2024\/12\/Logo-The-WDW.png","width":654,"height":272,"caption":"Well Done Weddings"},"image":{"@id":"https:\/\/wdweddings.com\/#\/schema\/logo\/image\/"},"sameAs":["https:\/\/www.facebook.com\/TheWellDoneWeddings\/","https:\/\/www.instagram.com\/thewelldoneweddings\/","https:\/\/www.tiktok.com\/@thewelldoneweddings"]}]}},"_links":{"self":[{"href":"https:\/\/wdweddings.com\/es\/wp-json\/wp\/v2\/pages\/7824","targetHints":{"allow":["GET"]}}],"collection":[{"href":"https:\/\/wdweddings.com\/es\/wp-json\/wp\/v2\/pages"}],"about":[{"href":"https:\/\/wdweddings.com\/es\/wp-json\/wp\/v2\/types\/page"}],"author":[{"embeddable":true,"href":"https:\/\/wdweddings.com\/es\/wp-json\/wp\/v2\/users\/2"}],"replies":[{"embeddable":true,"href":"https:\/\/wdweddings.com\/es\/wp-json\/wp\/v2\/comments?post=7824"}],"version-history":[{"count":0,"href":"https:\/\/wdweddings.com\/es\/wp-json\/wp\/v2\/pages\/7824\/revisions"}],"wp:attachment":[{"href":"https:\/\/wdweddings.com\/es\/wp-json\/wp\/v2\/media?parent=7824"}],"curies":[{"name":"wp","href":"https:\/\/api.w.org\/{rel}","templated":true}]}}