{"id":7784,"date":"2025-11-21T21:56:08","date_gmt":"2025-11-21T21:56:08","guid":{"rendered":"https:\/\/wdweddingsnew.wpenginepowered.com\/foto-y-video\/"},"modified":"2026-03-31T14:28:32","modified_gmt":"2026-03-31T14:28:32","slug":"foto-y-video","status":"publish","type":"page","link":"https:\/\/wdweddings.com\/es\/foto-y-video\/","title":{"rendered":"Foto y v\u00eddeo"},"content":{"rendered":"\t\t<div data-elementor-type=\"wp-page\" data-elementor-id=\"7784\" class=\"elementor elementor-7784 elementor-5901\" data-elementor-post-type=\"page\">\n\t\t\t\t\t\t<section class=\"elementor-section elementor-top-section elementor-element elementor-element-89ecd8c elementor-section-boxed elementor-section-height-default elementor-section-height-default\" data-id=\"89ecd8c\" data-element_type=\"section\" data-e-type=\"section\" data-settings=\"{&quot;background_background&quot;:&quot;classic&quot;}\">\n\t\t\t\t\t\t\t<div class=\"elementor-background-overlay\"><\/div>\n\t\t\t\t\t\t\t<div class=\"elementor-container elementor-column-gap-default\">\n\t\t\t\t\t<div class=\"elementor-column elementor-col-100 elementor-top-column elementor-element elementor-element-bc4de90\" data-id=\"bc4de90\" data-element_type=\"column\" data-e-type=\"column\">\n\t\t\t<div class=\"elementor-widget-wrap elementor-element-populated\">\n\t\t\t\t\t\t<div class=\"elementor-element elementor-element-f5fa1d8 elementor-widget__width-inherit elementor-widget elementor-widget-heading\" data-id=\"f5fa1d8\" data-element_type=\"widget\" data-e-type=\"widget\" data-widget_type=\"heading.default\">\n\t\t\t\t<div class=\"elementor-widget-container\">\n\t\t\t\t\t<h5 class=\"elementor-heading-title elementor-size-default\">BODAS EXCLUSIVAS<\/h5>\t\t\t\t<\/div>\n\t\t\t\t<\/div>\n\t\t\t\t<div class=\"elementor-element elementor-element-8e3fbfc elementor-widget__width-inherit elementor-widget elementor-widget-heading\" data-id=\"8e3fbfc\" data-element_type=\"widget\" data-e-type=\"widget\" data-widget_type=\"heading.default\">\n\t\t\t\t<div class=\"elementor-widget-container\">\n\t\t\t\t\t<h1 class=\"elementor-heading-title elementor-size-default\">Foto y v\u00eddeo<\/h1>\t\t\t\t<\/div>\n\t\t\t\t<\/div>\n\t\t\t\t<div class=\"elementor-element elementor-element-a75c1df elementor-widget elementor-widget-text-editor\" data-id=\"a75c1df\" data-element_type=\"widget\" data-e-type=\"widget\" data-widget_type=\"text-editor.default\">\n\t\t\t\t<div class=\"elementor-widget-container\">\n\t\t\t\t\t\t\t\t\t<p>Capturando tu historia de amor, fotograma a fotograma.<\/p>\t\t\t\t\t\t\t\t<\/div>\n\t\t\t\t<\/div>\n\t\t\t\t<div class=\"elementor-element elementor-element-d6d721c elementor-arrows-position-inside elementor-pagination-position-outside elementor-widget elementor-widget-image-carousel\" data-id=\"d6d721c\" data-element_type=\"widget\" data-e-type=\"widget\" data-settings=\"{&quot;slides_to_show&quot;:&quot;3&quot;,&quot;navigation&quot;:&quot;both&quot;,&quot;autoplay&quot;:&quot;yes&quot;,&quot;pause_on_hover&quot;:&quot;yes&quot;,&quot;pause_on_interaction&quot;:&quot;yes&quot;,&quot;autoplay_speed&quot;:5000,&quot;infinite&quot;:&quot;yes&quot;,&quot;speed&quot;:500}\" data-widget_type=\"image-carousel.default\">\n\t\t\t\t<div class=\"elementor-widget-container\">\n\t\t\t\t\t\t\t<div class=\"elementor-image-carousel-wrapper swiper\" role=\"region\" aria-roledescription=\"carousel\" aria-label=\"Image Carousel\" dir=\"ltr\">\n\t\t\t<div class=\"elementor-image-carousel swiper-wrapper\" aria-live=\"off\">\n\t\t\t\t\t\t\t\t<div class=\"swiper-slide\" role=\"group\" aria-roledescription=\"slide\" aria-label=\"1 de 6\"><figure class=\"swiper-slide-inner\"><img decoding=\"async\" class=\"swiper-slide-image\" src=\"https:\/\/wdweddings.com\/wp-content\/uploads\/elementor\/thumbs\/Photo1-rf24mmk0rcr55qewiwhx0teh1ptzk8wkr8gb6tkl5c.jpg\" alt=\"Foto1\" \/><\/figure><\/div><div class=\"swiper-slide\" role=\"group\" aria-roledescription=\"slide\" aria-label=\"2 de 6\"><figure class=\"swiper-slide-inner\"><img decoding=\"async\" class=\"swiper-slide-image\" src=\"https:\/\/wdweddings.com\/wp-content\/uploads\/elementor\/thumbs\/Photo2-rf24mmk0rcr55qewiwhx0teh1ptzk8wkr8gb6tkl5c.jpg\" alt=\"Foto 2\" \/><\/figure><\/div><div class=\"swiper-slide\" role=\"group\" aria-roledescription=\"slide\" aria-label=\"3 de 6\"><figure class=\"swiper-slide-inner\"><img decoding=\"async\" class=\"swiper-slide-image\" src=\"https:\/\/wdweddings.com\/wp-content\/uploads\/elementor\/thumbs\/Photo3-rf24mnhuy6sfhcdjdewjlb5xn3pcry0b3d3so3j6z4.jpg\" alt=\"Foto 3\" \/><\/figure><\/div><div class=\"swiper-slide\" role=\"group\" aria-roledescription=\"slide\" aria-label=\"4 de 6\"><figure class=\"swiper-slide-inner\"><img decoding=\"async\" class=\"swiper-slide-image\" src=\"https:\/\/wdweddings.com\/wp-content\/uploads\/elementor\/thumbs\/Photo4-rf24mnhuy6sfhcdjdewjlb5xn3pcry0b3d3so3j6z4.jpg\" alt=\"Foto 4\" \/><\/figure><\/div><div class=\"swiper-slide\" role=\"group\" aria-roledescription=\"slide\" aria-label=\"5 de 6\"><figure class=\"swiper-slide-inner\"><img decoding=\"async\" class=\"swiper-slide-image\" src=\"https:\/\/wdweddings.com\/wp-content\/uploads\/elementor\/thumbs\/Photo5-rf24mnhuy6sfhcdjdewjlb5xn3pcry0b3d3so3j6z4.jpg\" alt=\"Foto 5\" \/><\/figure><\/div><div class=\"swiper-slide\" role=\"group\" aria-roledescription=\"slide\" aria-label=\"6 de 6\"><figure class=\"swiper-slide-inner\"><img decoding=\"async\" class=\"swiper-slide-image\" src=\"https:\/\/wdweddings.com\/wp-content\/uploads\/elementor\/thumbs\/Photo6-rf24mnhuy6sfhcdjdewjlb5xn3pcry0b3d3so3j6z4.jpg\" alt=\"Foto 6\" \/><\/figure><\/div>\t\t\t<\/div>\n\t\t\t\t\t\t\t\t\t\t\t\t<div class=\"elementor-swiper-button elementor-swiper-button-prev\" role=\"button\" tabindex=\"0\">\n\t\t\t\t\t\t<svg aria-hidden=\"true\" class=\"e-font-icon-svg e-eicon-chevron-left\" viewBox=\"0 0 1000 1000\" xmlns=\"http:\/\/www.w3.org\/2000\/svg\"><path d=\"M646 125C629 125 613 133 604 142L308 442C296 454 292 471 292 487 292 504 296 521 308 533L604 854C617 867 629 875 646 875 663 875 679 871 692 858 704 846 713 829 713 812 713 796 708 779 692 767L438 487 692 225C700 217 708 204 708 187 708 171 704 154 692 142 675 129 663 125 646 125Z\"><\/path><\/svg>\t\t\t\t\t<\/div>\n\t\t\t\t\t<div class=\"elementor-swiper-button elementor-swiper-button-next\" role=\"button\" tabindex=\"0\">\n\t\t\t\t\t\t<svg aria-hidden=\"true\" class=\"e-font-icon-svg e-eicon-chevron-right\" viewBox=\"0 0 1000 1000\" xmlns=\"http:\/\/www.w3.org\/2000\/svg\"><path d=\"M696 533C708 521 713 504 713 487 713 471 708 454 696 446L400 146C388 133 375 125 354 125 338 125 325 129 313 142 300 154 292 171 292 187 292 204 296 221 308 233L563 492 304 771C292 783 288 800 288 817 288 833 296 850 308 863 321 871 338 875 354 875 371 875 388 867 400 854L696 533Z\"><\/path><\/svg>\t\t\t\t\t<\/div>\n\t\t\t\t\n\t\t\t\t\t\t\t\t\t<div class=\"swiper-pagination\"><\/div>\n\t\t\t\t\t\t\t\t\t<\/div>\n\t\t\t\t\t\t<\/div>\n\t\t\t\t<\/div>\n\t\t\t\t\t<\/div>\n\t\t<\/div>\n\t\t\t\t\t<\/div>\n\t\t<\/section>\n\t\t\t\t<section class=\"elementor-section elementor-top-section elementor-element elementor-element-df388b6 elementor-section-boxed elementor-section-height-default elementor-section-height-default\" data-id=\"df388b6\" data-element_type=\"section\" data-e-type=\"section\">\n\t\t\t\t\t\t<div class=\"elementor-container elementor-column-gap-wider\">\n\t\t\t\t\t<div class=\"elementor-column elementor-col-100 elementor-top-column elementor-element elementor-element-4163221\" data-id=\"4163221\" data-element_type=\"column\" data-e-type=\"column\">\n\t\t\t<div class=\"elementor-widget-wrap elementor-element-populated\">\n\t\t\t\t\t\t<div class=\"elementor-element elementor-element-31f72f1 elementor-widget elementor-widget-text-editor\" data-id=\"31f72f1\" data-element_type=\"widget\" data-e-type=\"widget\" data-widget_type=\"text-editor.default\">\n\t\t\t\t<div class=\"elementor-widget-container\">\n\t\t\t\t\t\t\t\t\t<p data-start=\"7300\" data-end=\"7472\">Colaboramos con expertos en fotograf\u00eda y cine para convertir cada momento, desde los mejores momentos del d\u00eda de la boda hasta las actividades para los invitados, en recuerdos imborrables.<\/p><p data-start=\"7474\" data-end=\"7619\">Mediante un enfoque cinematogr\u00e1fico, documentamos cada emoci\u00f3n, detalle y gesto, garantizando que su historia de amor se sienta aut\u00e9ntica, elegante y eterna.<\/p>\t\t\t\t\t\t\t\t<\/div>\n\t\t\t\t<\/div>\n\t\t\t\t<div class=\"elementor-element elementor-element-cdcf2b1 elementor-widget elementor-widget-text-editor\" data-id=\"cdcf2b1\" data-element_type=\"widget\" data-e-type=\"widget\" data-widget_type=\"text-editor.default\">\n\t\t\t\t<div class=\"elementor-widget-container\">\n\t\t\t\t\t\t\t\t\t<p data-start=\"761\" data-end=\"781\"><strong data-start=\"761\" data-end=\"779\">ASPECTOS DESTACADOS:<\/strong><\/p><ul><li data-start=\"7642\" data-end=\"7716\"><p data-start=\"7644\" data-end=\"7716\">Cobertura completa: ceremonias, recepciones, sesiones pre y post boda.<\/p><\/li><li data-start=\"7717\" data-end=\"7761\"><p data-start=\"7719\" data-end=\"7761\">Equipos profesionales y equipos de expertos.<\/p><\/li><li data-start=\"7762\" data-end=\"7809\"><p data-start=\"7764\" data-end=\"7809\">Entrega de materiales editados y listos para compartir.<\/p><\/li><\/ul><p> <\/p><p><strong data-start=\"1047\" data-end=\"1070\">NUESTRO TOQUE PERSONAL:<\/strong><\/p><ul><li>Convertimos cada momento en recuerdos cinematogr\u00e1ficos que narran vuestra historia de amor con belleza y emoci\u00f3n.<\/li><\/ul>\t\t\t\t\t\t\t\t<\/div>\n\t\t\t\t<\/div>\n\t\t\t\t\t<\/div>\n\t\t<\/div>\n\t\t\t\t\t<\/div>\n\t\t<\/section>\n\t\t\t\t<section class=\"elementor-section elementor-top-section elementor-element elementor-element-c3fba2f elementor-section-boxed elementor-section-height-default elementor-section-height-default\" data-id=\"c3fba2f\" data-element_type=\"section\" data-e-type=\"section\">\n\t\t\t\t\t\t<div class=\"elementor-container elementor-column-gap-default\">\n\t\t\t\t\t<div class=\"elementor-column elementor-col-100 elementor-top-column elementor-element elementor-element-726da80\" data-id=\"726da80\" data-element_type=\"column\" data-e-type=\"column\">\n\t\t\t<div class=\"elementor-widget-wrap elementor-element-populated\">\n\t\t\t\t\t\t<div class=\"elementor-element elementor-element-6e9937b elementor-widget elementor-widget-html\" data-id=\"6e9937b\" data-element_type=\"widget\" data-e-type=\"widget\" data-widget_type=\"html.default\">\n\t\t\t\t<div class=\"elementor-widget-container\">\n\t\t\t\t\t<script>document.addEventListener('DOMContentLoaded', function() {\r\n  const strip = document.querySelector('.trip-strip');\r\n  if (!strip) return;\r\n\r\n  const items = Array.from(document.querySelectorAll('.trip-strip .trip-item'));\r\n  const prev  = document.querySelector('.trip-strip .icon-left-arrow');\r\n  const next  = document.querySelector('.trip-strip .icon-right-arrow');\r\n\r\n  \/\/ 1) Initialise: make Day 1 active\r\n  items.forEach(i => i.classList.remove('is-active'));\r\n  if (items[0]) items[0].classList.add('is-active');\r\n\r\n  \/\/ 2) Activation helper\r\n  function activate(idx) {\r\n    items.forEach((it, i) => {\r\n      it.classList.toggle('is-active', i === idx);\r\n    });\r\n    \/\/ scrollIntoView with center alignment; CSS scroll-margin-top handles sticky offset\r\n    items[idx].scrollIntoView({ behavior: 'smooth', inline: 'center' });\r\n  }\r\n\r\n  \/\/ 3) Click on any card\r\n  items.forEach((item, idx) => {\r\n    item.addEventListener('click', () => activate(idx));\r\n  });\r\n\r\n  \/\/ 4) Arrow navigation\r\n  if (prev) {\r\n    prev.addEventListener('click', () => {\r\n      const cur = items.findIndex(i => i.classList.contains('is-active'));\r\n      if (cur > 0) activate(cur - 1);\r\n    });\r\n  }\r\n  if (next) {\r\n    next.addEventListener('click', () => {\r\n      const cur = items.findIndex(i => i.classList.contains('is-active'));\r\n      if (cur < items.length - 1) activate(cur + 1);\r\n    });\r\n  }\r\n});\r\n<\/script>\t\t\t\t<\/div>\n\t\t\t\t<\/div>\n\t\t\t\t\t<\/div>\n\t\t<\/div>\n\t\t\t\t\t<\/div>\n\t\t<\/section>\n\t\t\t\t<\/div>\n\t\t","protected":false},"excerpt":{"rendered":"<p>BODAS EXCLUSIVAS Foto y v\u00eddeo Capturando tu historia de amor, fotograma a fotograma. Colaboramos con expertos en fotograf\u00eda y cine para convertir cada momento, desde los mejores momentos del d\u00eda de la boda hasta las actividades para los invitados, en recuerdos imborrables. Mediante un enfoque cinematogr\u00e1fico, documentamos cada emoci\u00f3n, detalle y gesto, garantizando que su [&hellip;]<\/p>\n","protected":false},"author":2,"featured_media":0,"parent":0,"menu_order":0,"comment_status":"closed","ping_status":"closed","template":"","meta":{"footnotes":""},"class_list":["post-7784","page","type-page","status-publish","hentry"],"acf":[],"yoast_head":"<!-- This site is optimized with the Yoast SEO plugin v25.9 - https:\/\/yoast.com\/wordpress\/plugins\/seo\/ -->\n<title>Foto y v\u00eddeo - Well Done Weddings<\/title>\n<meta name=\"robots\" content=\"index, follow, max-snippet:-1, max-image-preview:large, max-video-preview:-1\" \/>\n<link rel=\"canonical\" href=\"https:\/\/wdweddings.com\/es\/foto-y-video\/\" \/>\n<meta property=\"og:locale\" content=\"es_MX\" \/>\n<meta property=\"og:type\" content=\"article\" \/>\n<meta property=\"og:title\" content=\"Foto y v\u00eddeo - Well Done Weddings\" \/>\n<meta property=\"og:description\" content=\"BODAS EXCLUSIVAS Foto y v\u00eddeo Capturando tu historia de amor, fotograma a fotograma. Colaboramos con expertos en fotograf\u00eda y cine para convertir cada momento, desde los mejores momentos del d\u00eda de la boda hasta las actividades para los invitados, en recuerdos imborrables. Mediante un enfoque cinematogr\u00e1fico, documentamos cada emoci\u00f3n, detalle y gesto, garantizando que su [&hellip;]\" \/>\n<meta property=\"og:url\" content=\"https:\/\/wdweddings.com\/es\/foto-y-video\/\" \/>\n<meta property=\"og:site_name\" content=\"Well Done Weddings\" \/>\n<meta property=\"article:publisher\" content=\"https:\/\/www.facebook.com\/TheWellDoneWeddings\/\" \/>\n<meta property=\"article:modified_time\" content=\"2026-03-31T14:28:32+00:00\" \/>\n<meta property=\"og:image\" content=\"https:\/\/wdweddings.com\/wp-content\/uploads\/elementor\/thumbs\/Photo1-rkglh64dc5kg3nzk5zp9habw7dd3i3oxeltcvzdf68.jpg\" \/>\n<meta name=\"twitter:card\" content=\"summary_large_image\" \/>\n<meta name=\"twitter:label1\" content=\"Tiempo de lectura\" \/>\n\t<meta name=\"twitter:data1\" content=\"1 minuto\" \/>\n<script type=\"application\/ld+json\" class=\"yoast-schema-graph\">{\"@context\":\"https:\/\/schema.org\",\"@graph\":[{\"@type\":\"WebPage\",\"@id\":\"https:\/\/wdweddings.com\/es\/foto-y-video\/\",\"url\":\"https:\/\/wdweddings.com\/es\/foto-y-video\/\",\"name\":\"Foto y v\u00eddeo - Well Done Weddings\",\"isPartOf\":{\"@id\":\"https:\/\/wdweddings.com\/#website\"},\"primaryImageOfPage\":{\"@id\":\"https:\/\/wdweddings.com\/es\/foto-y-video\/#primaryimage\"},\"image\":{\"@id\":\"https:\/\/wdweddings.com\/es\/foto-y-video\/#primaryimage\"},\"thumbnailUrl\":\"https:\/\/wdweddings.com\/wp-content\/uploads\/elementor\/thumbs\/Photo1-rkglh64dc5kg3nzk5zp9habw7dd3i3oxeltcvzdf68.jpg\",\"datePublished\":\"2025-11-21T21:56:08+00:00\",\"dateModified\":\"2026-03-31T14:28:32+00:00\",\"breadcrumb\":{\"@id\":\"https:\/\/wdweddings.com\/es\/foto-y-video\/#breadcrumb\"},\"inLanguage\":\"es\",\"potentialAction\":[{\"@type\":\"ReadAction\",\"target\":[\"https:\/\/wdweddings.com\/es\/foto-y-video\/\"]}]},{\"@type\":\"ImageObject\",\"inLanguage\":\"es\",\"@id\":\"https:\/\/wdweddings.com\/es\/foto-y-video\/#primaryimage\",\"url\":\"https:\/\/wdweddings.com\/wp-content\/uploads\/elementor\/thumbs\/Photo1-rkglh64dc5kg3nzk5zp9habw7dd3i3oxeltcvzdf68.jpg\",\"contentUrl\":\"https:\/\/wdweddings.com\/wp-content\/uploads\/elementor\/thumbs\/Photo1-rkglh64dc5kg3nzk5zp9habw7dd3i3oxeltcvzdf68.jpg\"},{\"@type\":\"BreadcrumbList\",\"@id\":\"https:\/\/wdweddings.com\/es\/foto-y-video\/#breadcrumb\",\"itemListElement\":[{\"@type\":\"ListItem\",\"position\":1,\"name\":\"Home\",\"item\":\"https:\/\/wdweddings.com\/es\/\"},{\"@type\":\"ListItem\",\"position\":2,\"name\":\"Foto y v\u00eddeo\"}]},{\"@type\":\"WebSite\",\"@id\":\"https:\/\/wdweddings.com\/#website\",\"url\":\"https:\/\/wdweddings.com\/\",\"name\":\"Well Done Weddings\",\"description\":\"Destination Weddings in Cancun\",\"publisher\":{\"@id\":\"https:\/\/wdweddings.com\/#organization\"},\"potentialAction\":[{\"@type\":\"SearchAction\",\"target\":{\"@type\":\"EntryPoint\",\"urlTemplate\":\"https:\/\/wdweddings.com\/?s={search_term_string}\"},\"query-input\":{\"@type\":\"PropertyValueSpecification\",\"valueRequired\":true,\"valueName\":\"search_term_string\"}}],\"inLanguage\":\"es\"},{\"@type\":\"Organization\",\"@id\":\"https:\/\/wdweddings.com\/#organization\",\"name\":\"Well Done Weddings\",\"url\":\"https:\/\/wdweddings.com\/\",\"logo\":{\"@type\":\"ImageObject\",\"inLanguage\":\"es\",\"@id\":\"https:\/\/wdweddings.com\/#\/schema\/logo\/image\/\",\"url\":\"https:\/\/wdweddings.com\/wp-content\/uploads\/2024\/12\/Logo-The-WDW.png\",\"contentUrl\":\"https:\/\/wdweddings.com\/wp-content\/uploads\/2024\/12\/Logo-The-WDW.png\",\"width\":654,\"height\":272,\"caption\":\"Well Done Weddings\"},\"image\":{\"@id\":\"https:\/\/wdweddings.com\/#\/schema\/logo\/image\/\"},\"sameAs\":[\"https:\/\/www.facebook.com\/TheWellDoneWeddings\/\",\"https:\/\/www.instagram.com\/thewelldoneweddings\/\",\"https:\/\/www.tiktok.com\/@thewelldoneweddings\"]}]}<\/script>\n<!-- \/ Yoast SEO plugin. -->","yoast_head_json":{"title":"Foto y v\u00eddeo - Well Done Weddings","robots":{"index":"index","follow":"follow","max-snippet":"max-snippet:-1","max-image-preview":"max-image-preview:large","max-video-preview":"max-video-preview:-1"},"canonical":"https:\/\/wdweddings.com\/es\/foto-y-video\/","og_locale":"es_MX","og_type":"article","og_title":"Foto y v\u00eddeo - Well Done Weddings","og_description":"BODAS EXCLUSIVAS Foto y v\u00eddeo Capturando tu historia de amor, fotograma a fotograma. Colaboramos con expertos en fotograf\u00eda y cine para convertir cada momento, desde los mejores momentos del d\u00eda de la boda hasta las actividades para los invitados, en recuerdos imborrables. Mediante un enfoque cinematogr\u00e1fico, documentamos cada emoci\u00f3n, detalle y gesto, garantizando que su [&hellip;]","og_url":"https:\/\/wdweddings.com\/es\/foto-y-video\/","og_site_name":"Well Done Weddings","article_publisher":"https:\/\/www.facebook.com\/TheWellDoneWeddings\/","article_modified_time":"2026-03-31T14:28:32+00:00","og_image":[{"url":"https:\/\/wdweddings.com\/wp-content\/uploads\/elementor\/thumbs\/Photo1-rkglh64dc5kg3nzk5zp9habw7dd3i3oxeltcvzdf68.jpg","type":"","width":"","height":""}],"twitter_card":"summary_large_image","twitter_misc":{"Tiempo de lectura":"1 minuto"},"schema":{"@context":"https:\/\/schema.org","@graph":[{"@type":"WebPage","@id":"https:\/\/wdweddings.com\/es\/foto-y-video\/","url":"https:\/\/wdweddings.com\/es\/foto-y-video\/","name":"Foto y v\u00eddeo - Well Done Weddings","isPartOf":{"@id":"https:\/\/wdweddings.com\/#website"},"primaryImageOfPage":{"@id":"https:\/\/wdweddings.com\/es\/foto-y-video\/#primaryimage"},"image":{"@id":"https:\/\/wdweddings.com\/es\/foto-y-video\/#primaryimage"},"thumbnailUrl":"https:\/\/wdweddings.com\/wp-content\/uploads\/elementor\/thumbs\/Photo1-rkglh64dc5kg3nzk5zp9habw7dd3i3oxeltcvzdf68.jpg","datePublished":"2025-11-21T21:56:08+00:00","dateModified":"2026-03-31T14:28:32+00:00","breadcrumb":{"@id":"https:\/\/wdweddings.com\/es\/foto-y-video\/#breadcrumb"},"inLanguage":"es","potentialAction":[{"@type":"ReadAction","target":["https:\/\/wdweddings.com\/es\/foto-y-video\/"]}]},{"@type":"ImageObject","inLanguage":"es","@id":"https:\/\/wdweddings.com\/es\/foto-y-video\/#primaryimage","url":"https:\/\/wdweddings.com\/wp-content\/uploads\/elementor\/thumbs\/Photo1-rkglh64dc5kg3nzk5zp9habw7dd3i3oxeltcvzdf68.jpg","contentUrl":"https:\/\/wdweddings.com\/wp-content\/uploads\/elementor\/thumbs\/Photo1-rkglh64dc5kg3nzk5zp9habw7dd3i3oxeltcvzdf68.jpg"},{"@type":"BreadcrumbList","@id":"https:\/\/wdweddings.com\/es\/foto-y-video\/#breadcrumb","itemListElement":[{"@type":"ListItem","position":1,"name":"Home","item":"https:\/\/wdweddings.com\/es\/"},{"@type":"ListItem","position":2,"name":"Foto y v\u00eddeo"}]},{"@type":"WebSite","@id":"https:\/\/wdweddings.com\/#website","url":"https:\/\/wdweddings.com\/","name":"Well Done Weddings","description":"Destination Weddings in Cancun","publisher":{"@id":"https:\/\/wdweddings.com\/#organization"},"potentialAction":[{"@type":"SearchAction","target":{"@type":"EntryPoint","urlTemplate":"https:\/\/wdweddings.com\/?s={search_term_string}"},"query-input":{"@type":"PropertyValueSpecification","valueRequired":true,"valueName":"search_term_string"}}],"inLanguage":"es"},{"@type":"Organization","@id":"https:\/\/wdweddings.com\/#organization","name":"Well Done Weddings","url":"https:\/\/wdweddings.com\/","logo":{"@type":"ImageObject","inLanguage":"es","@id":"https:\/\/wdweddings.com\/#\/schema\/logo\/image\/","url":"https:\/\/wdweddings.com\/wp-content\/uploads\/2024\/12\/Logo-The-WDW.png","contentUrl":"https:\/\/wdweddings.com\/wp-content\/uploads\/2024\/12\/Logo-The-WDW.png","width":654,"height":272,"caption":"Well Done Weddings"},"image":{"@id":"https:\/\/wdweddings.com\/#\/schema\/logo\/image\/"},"sameAs":["https:\/\/www.facebook.com\/TheWellDoneWeddings\/","https:\/\/www.instagram.com\/thewelldoneweddings\/","https:\/\/www.tiktok.com\/@thewelldoneweddings"]}]}},"_links":{"self":[{"href":"https:\/\/wdweddings.com\/es\/wp-json\/wp\/v2\/pages\/7784","targetHints":{"allow":["GET"]}}],"collection":[{"href":"https:\/\/wdweddings.com\/es\/wp-json\/wp\/v2\/pages"}],"about":[{"href":"https:\/\/wdweddings.com\/es\/wp-json\/wp\/v2\/types\/page"}],"author":[{"embeddable":true,"href":"https:\/\/wdweddings.com\/es\/wp-json\/wp\/v2\/users\/2"}],"replies":[{"embeddable":true,"href":"https:\/\/wdweddings.com\/es\/wp-json\/wp\/v2\/comments?post=7784"}],"version-history":[{"count":0,"href":"https:\/\/wdweddings.com\/es\/wp-json\/wp\/v2\/pages\/7784\/revisions"}],"wp:attachment":[{"href":"https:\/\/wdweddings.com\/es\/wp-json\/wp\/v2\/media?parent=7784"}],"curies":[{"name":"wp","href":"https:\/\/api.w.org\/{rel}","templated":true}]}}